{"id":1678,"date":"2022-06-06T07:42:22","date_gmt":"2022-06-06T07:42:22","guid":{"rendered":"https:\/\/nicktesting.kinsta.cloud\/shopdiko1\/?page_id=10"},"modified":"2025-05-15T23:05:28","modified_gmt":"2025-05-15T23:05:28","slug":"cart-wooshop-v1","status":"publish","type":"page","link":"https:\/\/onyx.developer.africadomains.co.za\/en\/cart-wooshop-v1\/","title":{"rendered":"Cart"},"content":{"rendered":"<div data-elementor-type=\"wp-page\" data-elementor-id=\"1678\" class=\"elementor elementor-1678\">\n\t\t\t\t\t\t<section class=\"elementor-section elementor-top-section elementor-element elementor-element-15339f4 elementor-section-boxed elementor-section-height-default elementor-section-height-default wpr-particle-no wpr-jarallax-no wpr-parallax-no wpr-sticky-section-no wpr-column-slider-no wpr-equal-height-no\" data-id=\"15339f4\" data-element_type=\"section\" data-e-type=\"section\" data-settings=\"{&quot;background_background&quot;:&quot;classic&quot;}\">\n\t\t\t\t\t\t\t<div class=\"elementor-background-overlay\"><\/div>\n\t\t\t\t\t\t\t<div class=\"elementor-container elementor-column-gap-default\">\n\t\t\t\t\t<div class=\"elementor-column elementor-col-100 elementor-top-column elementor-element elementor-element-ead7041\" data-id=\"ead7041\" data-element_type=\"column\" data-e-type=\"column\" data-settings=\"{&quot;background_background&quot;:&quot;classic&quot;}\">\n\t\t\t<div class=\"elementor-widget-wrap elementor-element-populated\">\n\t\t\t\t\t<div class=\"elementor-background-overlay\"><\/div>\n\t\t\t\t\t\t<div class=\"elementor-element elementor-element-fa44800 elementor-widget elementor-widget-spacer\" data-id=\"fa44800\" data-element_type=\"widget\" data-e-type=\"widget\" data-widget_type=\"spacer.default\">\n\t\t\t\t<div class=\"elementor-widget-container\">\n\t\t\t\t\t\t\t<div class=\"elementor-spacer\">\n\t\t\t<div class=\"elementor-spacer-inner\"><\/div>\n\t\t<\/div>\n\t\t\t\t\t\t<\/div>\n\t\t\t\t<\/div>\n\t\t\t\t<div class=\"elementor-element elementor-element-5ad1069 elementor-widget elementor-widget-heading\" data-id=\"5ad1069\" data-element_type=\"widget\" data-e-type=\"widget\" data-widget_type=\"heading.default\">\n\t\t\t\t<div class=\"elementor-widget-container\">\n\t\t\t\t\t<h2 class=\"elementor-heading-title elementor-size-default\">Cart<\/h2>\t\t\t\t<\/div>\n\t\t\t\t<\/div>\n\t\t\t\t<div class=\"elementor-element elementor-element-e9c4289 elementor-widget elementor-widget-spacer\" data-id=\"e9c4289\" data-element_type=\"widget\" data-e-type=\"widget\" data-widget_type=\"spacer.default\">\n\t\t\t\t<div class=\"elementor-widget-container\">\n\t\t\t\t\t\t\t<div class=\"elementor-spacer\">\n\t\t\t<div class=\"elementor-spacer-inner\"><\/div>\n\t\t<\/div>\n\t\t\t\t\t\t<\/div>\n\t\t\t\t<\/div>\n\t\t\t\t\t<\/div>\n\t\t<\/div>\n\t\t\t\t\t<\/div>\n\t\t<\/section>\n\t\t\t\t<section class=\"elementor-section elementor-top-section elementor-element elementor-element-66f22496 elementor-section-boxed elementor-section-height-default elementor-section-height-default wpr-particle-no wpr-jarallax-no wpr-parallax-no wpr-sticky-section-no wpr-column-slider-no wpr-equal-height-no\" data-id=\"66f22496\" data-element_type=\"section\" data-e-type=\"section\">\n\t\t\t\t\t\t<div class=\"elementor-container elementor-column-gap-default\">\n\t\t\t\t\t<div class=\"elementor-column elementor-col-100 elementor-top-column elementor-element elementor-element-27ed61d9\" data-id=\"27ed61d9\" data-element_type=\"column\" data-e-type=\"column\">\n\t\t\t<div class=\"elementor-widget-wrap elementor-element-populated\">\n\t\t\t\t\t\t<div class=\"elementor-element elementor-element-cb3d557 elementor-widget elementor-widget-text-editor\" data-id=\"cb3d557\" data-element_type=\"widget\" data-e-type=\"widget\" data-widget_type=\"text-editor.default\">\n\t\t\t\t<div class=\"elementor-widget-container\">\n\t\t\t\t\t\t\t\t\t<p>Bem-vindo(a) ao seu carrinho! Aqui voc\u00ea pode rever os produtos que escolheu com carinho na <strong>Onyx Mozambique<\/strong>. Verifique os detalhes, ajuste quantidades se necess\u00e1rio e siga para o checkout com seguran\u00e7a.<\/p>\t\t\t\t\t\t\t\t<\/div>\n\t\t\t\t<\/div>\n\t\t\t\t\t<\/div>\n\t\t<\/div>\n\t\t\t\t\t<\/div>\n\t\t<\/section>\n\t\t<div class=\"elementor-element elementor-element-3a45554 e-flex e-con-boxed wpr-particle-no wpr-jarallax-no wpr-parallax-no wpr-sticky-section-no wpr-column-slider-no wpr-equal-height-no e-con e-parent\" data-id=\"3a45554\" data-element_type=\"container\" data-e-type=\"container\">\n\t\t\t\t\t<div class=\"e-con-inner\">\n\t\t<div class=\"elementor-element elementor-element-2307d20 e-con-full e-flex wpr-particle-no wpr-jarallax-no wpr-parallax-no wpr-sticky-section-no wpr-column-slider-no wpr-equal-height-no e-con e-child\" data-id=\"2307d20\" data-element_type=\"container\" data-e-type=\"container\">\n\t\t<div class=\"elementor-element elementor-element-01abda3 e-con-full e-flex wpr-particle-no wpr-jarallax-no wpr-parallax-no wpr-sticky-section-no wpr-column-slider-no wpr-equal-height-no e-con e-child\" data-id=\"01abda3\" data-element_type=\"container\" data-e-type=\"container\">\n\t\t\t\t<div class=\"elementor-element elementor-element-81e6a14 elementor-position-left elementor-vertical-align-top elementor-widget elementor-widget-image-box\" data-id=\"81e6a14\" data-element_type=\"widget\" data-e-type=\"widget\" data-widget_type=\"image-box.default\">\n\t\t\t\t<div class=\"elementor-widget-container\">\n\t\t\t\t\t<div class=\"elementor-image-box-wrapper\"><figure class=\"elementor-image-box-img\"><img fetchpriority=\"high\" decoding=\"async\" width=\"329\" height=\"329\" src=\"https:\/\/onyx.developer.africadomains.co.za\/wp-content\/uploads\/2022\/06\/icon-2.png\" class=\"attachment-full size-full wp-image-251\" alt=\"\" srcset=\"https:\/\/onyx.developer.africadomains.co.za\/wp-content\/uploads\/2022\/06\/icon-2.png 329w, https:\/\/onyx.developer.africadomains.co.za\/wp-content\/uploads\/2022\/06\/icon-2-300x300.png 300w, https:\/\/onyx.developer.africadomains.co.za\/wp-content\/uploads\/2022\/06\/icon-2-100x100.png 100w, https:\/\/onyx.developer.africadomains.co.za\/wp-content\/uploads\/2022\/06\/icon-2-150x150.png 150w\" sizes=\"(max-width: 329px) 100vw, 329px\" \/><\/figure><div class=\"elementor-image-box-content\"><h3 class=\"elementor-image-box-title\">free shipping<\/h3><p class=\"elementor-image-box-description\">Orders over 10,000mt<\/p><\/div><\/div>\t\t\t\t<\/div>\n\t\t\t\t<\/div>\n\t\t\t\t<\/div>\n\t\t\t\t<\/div>\n\t\t<div class=\"elementor-element elementor-element-e5d75ac e-con-full e-flex wpr-particle-no wpr-jarallax-no wpr-parallax-no wpr-sticky-section-no wpr-column-slider-no wpr-equal-height-no e-con e-child\" data-id=\"e5d75ac\" data-element_type=\"container\" data-e-type=\"container\">\n\t\t<div class=\"elementor-element elementor-element-7ad9cf7 e-con-full e-flex wpr-particle-no wpr-jarallax-no wpr-parallax-no wpr-sticky-section-no wpr-column-slider-no wpr-equal-height-no e-con e-child\" data-id=\"7ad9cf7\" data-element_type=\"container\" data-e-type=\"container\">\n\t\t\t\t<div class=\"elementor-element elementor-element-e83b195 elementor-position-left elementor-vertical-align-top elementor-widget elementor-widget-image-box\" data-id=\"e83b195\" data-element_type=\"widget\" data-e-type=\"widget\" data-widget_type=\"image-box.default\">\n\t\t\t\t<div class=\"elementor-widget-container\">\n\t\t\t\t\t<div class=\"elementor-image-box-wrapper\"><figure class=\"elementor-image-box-img\"><img decoding=\"async\" width=\"329\" height=\"329\" src=\"https:\/\/onyx.developer.africadomains.co.za\/wp-content\/uploads\/2022\/06\/icon-4-2.png\" class=\"attachment-full size-full wp-image-248\" alt=\"\" srcset=\"https:\/\/onyx.developer.africadomains.co.za\/wp-content\/uploads\/2022\/06\/icon-4-2.png 329w, https:\/\/onyx.developer.africadomains.co.za\/wp-content\/uploads\/2022\/06\/icon-4-2-300x300.png 300w, https:\/\/onyx.developer.africadomains.co.za\/wp-content\/uploads\/2022\/06\/icon-4-2-100x100.png 100w, https:\/\/onyx.developer.africadomains.co.za\/wp-content\/uploads\/2022\/06\/icon-4-2-150x150.png 150w\" sizes=\"(max-width: 329px) 100vw, 329px\" \/><\/figure><div class=\"elementor-image-box-content\"><h3 class=\"elementor-image-box-title\">Fast payment<\/h3><p class=\"elementor-image-box-description\">100% Secure Payment<\/p><\/div><\/div>\t\t\t\t<\/div>\n\t\t\t\t<\/div>\n\t\t\t\t<\/div>\n\t\t\t\t<\/div>\n\t\t<div class=\"elementor-element elementor-element-4018a1a e-con-full e-flex wpr-particle-no wpr-jarallax-no wpr-parallax-no wpr-sticky-section-no wpr-column-slider-no wpr-equal-height-no e-con e-child\" data-id=\"4018a1a\" data-element_type=\"container\" data-e-type=\"container\">\n\t\t<div class=\"elementor-element elementor-element-a797341 e-con-full e-flex wpr-particle-no wpr-jarallax-no wpr-parallax-no wpr-sticky-section-no wpr-column-slider-no wpr-equal-height-no e-con e-child\" data-id=\"a797341\" data-element_type=\"container\" data-e-type=\"container\">\n\t\t\t\t<div class=\"elementor-element elementor-element-0a5ab3d elementor-position-left elementor-vertical-align-top elementor-widget elementor-widget-image-box\" data-id=\"0a5ab3d\" data-element_type=\"widget\" data-e-type=\"widget\" data-widget_type=\"image-box.default\">\n\t\t\t\t<div class=\"elementor-widget-container\">\n\t\t\t\t\t<div class=\"elementor-image-box-wrapper\"><figure class=\"elementor-image-box-img\"><img decoding=\"async\" width=\"329\" height=\"329\" src=\"https:\/\/onyx.developer.africadomains.co.za\/wp-content\/uploads\/2022\/06\/icon-3-2.png\" class=\"attachment-full size-full wp-image-249\" alt=\"\" srcset=\"https:\/\/onyx.developer.africadomains.co.za\/wp-content\/uploads\/2022\/06\/icon-3-2.png 329w, https:\/\/onyx.developer.africadomains.co.za\/wp-content\/uploads\/2022\/06\/icon-3-2-300x300.png 300w, https:\/\/onyx.developer.africadomains.co.za\/wp-content\/uploads\/2022\/06\/icon-3-2-100x100.png 100w, https:\/\/onyx.developer.africadomains.co.za\/wp-content\/uploads\/2022\/06\/icon-3-2-150x150.png 150w\" sizes=\"(max-width: 329px) 100vw, 329px\" \/><\/figure><div class=\"elementor-image-box-content\"><h3 class=\"elementor-image-box-title\">24\/7 Support<\/h3><p class=\"elementor-image-box-description\">Ready for you<\/p><\/div><\/div>\t\t\t\t<\/div>\n\t\t\t\t<\/div>\n\t\t\t\t<\/div>\n\t\t\t\t<\/div>\n\t\t<div class=\"elementor-element elementor-element-a6e3821 e-con-full e-flex wpr-particle-no wpr-jarallax-no wpr-parallax-no wpr-sticky-section-no wpr-column-slider-no wpr-equal-height-no e-con e-child\" data-id=\"a6e3821\" data-element_type=\"container\" data-e-type=\"container\">\n\t\t<div class=\"elementor-element elementor-element-12e43f7 e-con-full e-flex wpr-particle-no wpr-jarallax-no wpr-parallax-no wpr-sticky-section-no wpr-column-slider-no wpr-equal-height-no e-con e-child\" data-id=\"12e43f7\" data-element_type=\"container\" data-e-type=\"container\">\n\t\t\t\t<div class=\"elementor-element elementor-element-b9dcf01 elementor-position-left elementor-vertical-align-top elementor-widget elementor-widget-image-box\" data-id=\"b9dcf01\" data-element_type=\"widget\" data-e-type=\"widget\" data-widget_type=\"image-box.default\">\n\t\t\t\t<div class=\"elementor-widget-container\">\n\t\t\t\t\t<div class=\"elementor-image-box-wrapper\"><figure class=\"elementor-image-box-img\"><img loading=\"lazy\" decoding=\"async\" width=\"329\" height=\"329\" src=\"https:\/\/onyx.developer.africadomains.co.za\/wp-content\/uploads\/2022\/06\/icon-1.png\" class=\"attachment-full size-full wp-image-250\" alt=\"\" srcset=\"https:\/\/onyx.developer.africadomains.co.za\/wp-content\/uploads\/2022\/06\/icon-1.png 329w, https:\/\/onyx.developer.africadomains.co.za\/wp-content\/uploads\/2022\/06\/icon-1-300x300.png 300w, https:\/\/onyx.developer.africadomains.co.za\/wp-content\/uploads\/2022\/06\/icon-1-100x100.png 100w, https:\/\/onyx.developer.africadomains.co.za\/wp-content\/uploads\/2022\/06\/icon-1-150x150.png 150w\" sizes=\"(max-width: 329px) 100vw, 329px\" \/><\/figure><div class=\"elementor-image-box-content\"><h3 class=\"elementor-image-box-title\">Money back<\/h3><p class=\"elementor-image-box-description\">Back in less than 7 days<\/p><\/div><\/div>\t\t\t\t<\/div>\n\t\t\t\t<\/div>\n\t\t\t\t<\/div>\n\t\t\t\t<\/div>\n\t\t\t\t\t<\/div>\n\t\t\t\t<\/div>\n\t\t<div class=\"elementor-element elementor-element-bfef3e2 e-flex e-con-boxed wpr-particle-no wpr-jarallax-no wpr-parallax-no wpr-sticky-section-no wpr-column-slider-no wpr-equal-height-no e-con e-parent\" data-id=\"bfef3e2\" data-element_type=\"container\" data-e-type=\"container\">\n\t\t\t\t\t<div class=\"e-con-inner\">\n\t\t\t\t<div class=\"elementor-element elementor-element-deb29b9 elementor-widget elementor-widget-spacer\" data-id=\"deb29b9\" data-element_type=\"widget\" data-e-type=\"widget\" data-widget_type=\"spacer.default\">\n\t\t\t\t<div class=\"elementor-widget-container\">\n\t\t\t\t\t\t\t<div class=\"elementor-spacer\">\n\t\t\t<div class=\"elementor-spacer-inner\"><\/div>\n\t\t<\/div>\n\t\t\t\t\t\t<\/div>\n\t\t\t\t<\/div>\n\t\t\t\t\t<\/div>\n\t\t\t\t<\/div>\n\t\t\t\t<\/div>","protected":false},"excerpt":{"rendered":"<p>Carrinho Bem-vindo(a) ao seu carrinho! Aqui voc\u00ea pode rever os produtos que escolheu com carinho na Onyx Mozambique. Verifique os detalhes, ajuste quantidades se necess\u00e1rio e siga para o checkout com seguran\u00e7a. &nbsp; Produto &nbsp; Pre\u00e7o Quantidade Subtotal &times; Kit Onyx Collections Premium Teste MT&nbsp;42.975,00 Quantidade de Kit Onyx Collections Premium Teste MT&nbsp;42.975,00 Kit Onyx Collections Premium Teste &rarr; KIT Onyx Collections MT&nbsp;0,00 5 MT&nbsp;0,00 Atualizar carrinho Aplicar cupom Totais do carrinho Subtotal MT&nbsp;42.975,00 Envio Free shipping Envio para Maputo. Alterar morada Country \/ region Seleccione um pa\u00eds \/ regi\u00e3o&hellip;Afeganist\u00e3o\u00c1frica do Sul\u00c5land IslandsAlb\u00e2niaAlemanhaAndorraAngolaAnguilaAnt\u00e1rctidaAnt\u00edgua e BarbudaAr\u00e1bia SauditaArg\u00e9liaArgentinaArm\u00e9niaArubaAustr\u00e1lia\u00c1ustriaAzerbaij\u00e3oBahamasBahreinBangladeshBarbadosBelauB\u00e9lgicaBelizeBenimBermudasBielorr\u00fassiaBol\u00edviaBonaire, Saint Eustatius e SabaB\u00f3snia e HerzegovinaBotsuanaBrasilBruneiBulg\u00e1riaBurquina FasoBurundiBut\u00e3oCabo VerdeCamar\u00f5esCambojaCanad\u00e1CatarCazaquist\u00e3oChadeCh\u00e9quiaChileChinaChipreCol\u00f4mbiaComoresComunidade das Ilhas Marianas SetentrionaisCongo (Brazzaville)Congo (Kinshasa)Coreia do NorteCoreia do SulCosta do MarfimCosta RicaCro\u00e1ciaCubaCura&ccedil;aoDinamarcaDom\u00ednicaEgitoEmirados \u00c1rabes UnidosEquadorEritreiaEslov\u00e1quiaEslov\u00e9niaEspanhaEstados Unidos (US)Est\u00f3niaEswatiniEti\u00f3piaFaro\u00e9FijiFilipinasFinl\u00e2ndiaFran\u00e7aGab\u00e3oG\u00e2mbiaGanaGe\u00f3rgiaGibraltarGranadaGr\u00e9ciaGronel\u00e2ndiaGuadalupeGuamGuatemalaGuerneseyGuianaGuiana FrancesaGuin\u00e9Guin\u00e9 EquatorialGuin\u00e9-BissauHaitiHondurasHong KongHungriaI\u00e9menIlha BouvetIlha de ManIlha do NatalIlha Heard e Ilhas McDonaldIlha NorfolkIlhas Caim\u00e3oIlhas CookIlhas dos CocosIlhas FalklandIlhas Ge\u00f3rgia do Sul e Sandwich do SulIlhas MarshallIlhas Menores Distantes dos Estados UnidosIlhas PitcairnIlhas Salom\u00e3oIlhas Turcas e Caicos\u00cdndiaIndon\u00e9siaIr\u00e3oIraqueIrlandaIsl\u00e2ndiaIsraelIt\u00e1liaJamaicaJap\u00e3oJerseyJibutiJord\u00e2niaKoweitLaosLesotoLet\u00f3niaL\u00edbanoLib\u00e9riaL\u00edbiaListenstaineLitu\u00e2niaLuxemburgoMacauMadag\u00e1scarMaioteMal\u00e1siaMal\u00e1uiMaldivasMaliMaltaMarrocosMartinicaMaur\u00edciaMaurit\u00e2niaM\u00e9xicoMianmar\/Birm\u00e2niaMicron\u00e9siaMo\u00e7ambiqueMold\u00e1viaM\u00f3nacoMong\u00f3liaMonserrateMontenegroNam\u00edbiaNauruNepalNicar\u00e1guaN\u00edgerNig\u00e9riaNiu\u00eaNorth MacedoniaNoruegaNova Caled\u00f3niaNova Zel\u00e2ndiaOm\u00e3Pa\u00edses BaixosPanam\u00e1Papua-Nova Guin\u00e9Paquist\u00e3oParaguaiPeruPolin\u00e9sia FrancesaPol\u00f3niaPorto RicoPortugalQu\u00e9niaQuirguist\u00e3oQuirib\u00e1tiReino Unido (UK)Rep\u00fablica Centro-AfricanaRep\u00fablica DominicanaReuni\u00e3oRom\u00e9niaRuandaR\u00fassiaS&atilde;o Tom&eacute; e Pr&iacute;ncipeSalvadorSamoaSamoa AmericanaSanta HelenaSanta L\u00faciaS\u00e3o BartolomeuS\u00e3o Crist\u00f3v\u00e3o e NevesS\u00e3o MarinhoS\u00e3o MartinhoS\u00e3o Martinho (Antilhas Holandesas)S\u00e3o Pedro e Miquel\u00e3oS\u00e3o Vicente e GranadinasSara OcidentalSeichelesSenegalSerra LeoaS\u00e9rviaSingapuraS\u00edriaSom\u00e1liaSri LancaSud\u00e3oSud\u00e3o do SulSu\u00e9ciaSu\u00ed\u00e7aSurinameSvalbard e Jan MayenTail\u00e2ndiaTaiwanTajiquist\u00e3oTanz\u00e2niaTerras Austrais e Ant\u00e1rticas FrancesasTerrit\u00f3rio Brit\u00e2nico do Oceano \u00cdndicoTerrit\u00f3rio PalestinianoTimor-LesteTogoTongaToquelauTrindade e TobagoTun\u00edsiaTurquemenist\u00e3oTurquiaTuvaluUcr\u00e2niaUgandaUruguaiUsbequist\u00e3oVanuatuVaticanoVenezuelaVietnameVirgin Islands (British)Virgin Islands (US)Wallis e FutunaZ\u00e2mbiaZimbabu\u00e9 Distrito \/ Munic\u00edpio Seleccione uma op\u00e7\u00e3oCabo DelgadoGazaInhambaneManicaProv\u00edncia MaputoMaputoNampulaNiassaSofalaTeteZamb\u00e9zia Cidade: C\u00f3digo postal: Atualizar Total MT&nbsp;42.975,00 Fazer o check-out Frete gr\u00e1tis Pedidos acima de 10,000mt Pagamento r\u00e1pido Pagamento 100% Seguro Suporte 24\/7 Pronto para voc\u00ea Devolu\u00e7\u00e3o de dinheiro Volta em menos de 7 dias<\/p>","protected":false},"author":1,"featured_media":0,"parent":0,"menu_order":0,"comment_status":"closed","ping_status":"closed","template":"elementor_canvas","meta":{"om_disable_all_campaigns":false,"footnotes":""},"class_list":["post-1678","page","type-page","status-publish","hentry","_wholesalex wsx-wholesalex-product"],"jetpack_sharing_enabled":true,"_links":{"self":[{"href":"https:\/\/onyx.developer.africadomains.co.za\/en\/wp-json\/wp\/v2\/pages\/1678","targetHints":{"allow":["GET"]}}],"collection":[{"href":"https:\/\/onyx.developer.africadomains.co.za\/en\/wp-json\/wp\/v2\/pages"}],"about":[{"href":"https:\/\/onyx.developer.africadomains.co.za\/en\/wp-json\/wp\/v2\/types\/page"}],"author":[{"embeddable":true,"href":"https:\/\/onyx.developer.africadomains.co.za\/en\/wp-json\/wp\/v2\/users\/1"}],"replies":[{"embeddable":true,"href":"https:\/\/onyx.developer.africadomains.co.za\/en\/wp-json\/wp\/v2\/comments?post=1678"}],"version-history":[{"count":25,"href":"https:\/\/onyx.developer.africadomains.co.za\/en\/wp-json\/wp\/v2\/pages\/1678\/revisions"}],"predecessor-version":[{"id":3191,"href":"https:\/\/onyx.developer.africadomains.co.za\/en\/wp-json\/wp\/v2\/pages\/1678\/revisions\/3191"}],"wp:attachment":[{"href":"https:\/\/onyx.developer.africadomains.co.za\/en\/wp-json\/wp\/v2\/media?parent=1678"}],"curies":[{"name":"wp","href":"https:\/\/api.w.org\/{rel}","templated":true}]}}