{"id":2635,"date":"2025-04-17T23:16:35","date_gmt":"2025-04-17T23:16:35","guid":{"rendered":"https:\/\/onyx.developer.africadomains.co.za\/?page_id=2635"},"modified":"2025-04-30T00:15:17","modified_gmt":"2025-04-30T00:15:17","slug":"login-dealer","status":"publish","type":"page","link":"https:\/\/onyx.developer.africadomains.co.za\/en\/login-dealer\/","title":{"rendered":""},"content":{"rendered":"<div data-elementor-type=\"wp-page\" data-elementor-id=\"2635\" class=\"elementor elementor-2635\">\n\t\t\t\t\t\t<section class=\"elementor-section elementor-top-section elementor-element elementor-element-ec5e0b6 elementor-section-boxed elementor-section-height-default elementor-section-height-default wpr-particle-no wpr-jarallax-no wpr-parallax-no wpr-sticky-section-no wpr-column-slider-no wpr-equal-height-no\" data-id=\"ec5e0b6\" data-element_type=\"section\" data-e-type=\"section\" data-settings=\"{&quot;background_background&quot;:&quot;classic&quot;}\">\n\t\t\t\t\t\t\t<div class=\"elementor-background-overlay\"><\/div>\n\t\t\t\t\t\t\t<div class=\"elementor-container elementor-column-gap-default\">\n\t\t\t\t\t<div class=\"elementor-column elementor-col-100 elementor-top-column elementor-element elementor-element-0fbd80b\" data-id=\"0fbd80b\" data-element_type=\"column\" data-e-type=\"column\" data-settings=\"{&quot;background_background&quot;:&quot;classic&quot;}\">\n\t\t\t<div class=\"elementor-widget-wrap elementor-element-populated\">\n\t\t\t\t\t<div class=\"elementor-background-overlay\"><\/div>\n\t\t\t\t\t\t<div class=\"elementor-element elementor-element-9d53f6f elementor-widget elementor-widget-spacer\" data-id=\"9d53f6f\" data-element_type=\"widget\" data-e-type=\"widget\" data-widget_type=\"spacer.default\">\n\t\t\t\t<div class=\"elementor-widget-container\">\n\t\t\t\t\t\t\t<div class=\"elementor-spacer\">\n\t\t\t<div class=\"elementor-spacer-inner\"><\/div>\n\t\t<\/div>\n\t\t\t\t\t\t<\/div>\n\t\t\t\t<\/div>\n\t\t\t\t<div class=\"elementor-element elementor-element-e3ca4ce elementor-widget elementor-widget-heading\" data-id=\"e3ca4ce\" data-element_type=\"widget\" data-e-type=\"widget\" data-widget_type=\"heading.default\">\n\t\t\t\t<div class=\"elementor-widget-container\">\n\t\t\t\t\t<h2 class=\"elementor-heading-title elementor-size-default\">Conectar a sua conta Revendedor<\/h2>\t\t\t\t<\/div>\n\t\t\t\t<\/div>\n\t\t\t\t<div class=\"elementor-element elementor-element-f232691 elementor-widget elementor-widget-spacer\" data-id=\"f232691\" data-element_type=\"widget\" data-e-type=\"widget\" data-widget_type=\"spacer.default\">\n\t\t\t\t<div class=\"elementor-widget-container\">\n\t\t\t\t\t\t\t<div class=\"elementor-spacer\">\n\t\t\t<div class=\"elementor-spacer-inner\"><\/div>\n\t\t<\/div>\n\t\t\t\t\t\t<\/div>\n\t\t\t\t<\/div>\n\t\t\t\t\t<\/div>\n\t\t<\/div>\n\t\t\t\t\t<\/div>\n\t\t<\/section>\n\t\t<div class=\"elementor-element elementor-element-66e3111 e-flex e-con-boxed wpr-particle-no wpr-jarallax-no wpr-parallax-no wpr-sticky-section-no wpr-column-slider-no wpr-equal-height-no e-con e-parent\" data-id=\"66e3111\" data-element_type=\"container\" data-e-type=\"container\">\n\t\t\t\t\t<div class=\"e-con-inner\">\n\t\t\t\t<div class=\"elementor-element elementor-element-9c25e69 elementor-widget elementor-widget-text-editor\" data-id=\"9c25e69\" data-element_type=\"widget\" data-e-type=\"widget\" data-widget_type=\"text-editor.default\">\n\t\t\t\t<div class=\"elementor-widget-container\">\n\t\t\t\t\t\t\t\t\t<p class=\"\" data-start=\"223\" data-end=\"564\">A<strong> Onyx Mozambique<\/strong> convida empresas e comerciantes interessados a se tornarem revendedores oficiais dos nossos produtos. Ao se registrar, voc\u00ea ter\u00e1 acesso a condi\u00e7\u00f5es comerciais exclusivas, descontos especiais para revendedores, suporte personalizado e a confian\u00e7a de trabalhar com uma empresa comprometida com qualidade e crescimento conjunto.<\/p>\t\t\t\t\t\t\t\t<\/div>\n\t\t\t\t<\/div>\n\t\t\t\t<div class=\"elementor-element elementor-element-7b9bf90 elementor-widget-divider--separator-type-pattern elementor-widget-divider--view-line elementor-widget elementor-widget-divider\" data-id=\"7b9bf90\" data-element_type=\"widget\" data-e-type=\"widget\" data-widget_type=\"divider.default\">\n\t\t\t\t<div class=\"elementor-widget-container\">\n\t\t\t\t\t\t\t<div class=\"elementor-divider\" style=\"--divider-pattern-url: url(&quot;data:image\/svg+xml,%3Csvg xmlns=&#039;http:\/\/www.w3.org\/2000\/svg&#039; preserveAspectRatio=&#039;none&#039; overflow=&#039;visible&#039; height=&#039;100%&#039; viewBox=&#039;0 0 24 24&#039; fill=&#039;none&#039; stroke=&#039;black&#039; stroke-width=&#039;1&#039; stroke-linecap=&#039;square&#039; stroke-miterlimit=&#039;10&#039;%3E%3Cpath d=&#039;M0,6c6,0,0.9,11.1,6.9,11.1S18,6,24,6&#039;\/%3E%3C\/svg%3E&quot;);\">\n\t\t\t<span class=\"elementor-divider-separator\">\n\t\t\t\t\t\t<\/span>\n\t\t<\/div>\n\t\t\t\t\t\t<\/div>\n\t\t\t\t<\/div>\n\t\t\t\t\t<\/div>\n\t\t\t\t<\/div>\n\t\t<div class=\"elementor-element elementor-element-605b00e e-flex e-con-boxed wpr-particle-no wpr-jarallax-no wpr-parallax-no wpr-sticky-section-no wpr-column-slider-no wpr-equal-height-no e-con e-parent\" data-id=\"605b00e\" data-element_type=\"container\" data-e-type=\"container\">\n\t\t\t\t\t<div class=\"e-con-inner\">\n\t\t\t\t<div class=\"elementor-element elementor-element-e1a1f11 elementor-widget elementor-widget-shortcode\" data-id=\"e1a1f11\" data-element_type=\"widget\" data-e-type=\"widget\" data-widget_type=\"shortcode.default\">\n\t\t\t\t<div class=\"elementor-widget-container\">\n\t\t\t\t\t\t\t<div class=\"elementor-shortcode\"><style id=\"whx_form_css\"> :root { --wsx-input-color: #343A46;\n--wsx-input-bg: #FFF;\n--wsx-input-border-color: #d4af3a;\n--wsx-input-placeholder-color: #6C6E77;\n--wsx-form-label-color: #343A46;\n--wsx-input-focus-color: #343A46;\n--wsx-input-focus-bg: #FFF;\n--wsx-input-focus-border-color: #d4af3a;\n--wsx-form-label-color-active: #343A46;\n--wsx-input-warning-color: #FF6C6C;\n--wsx-input-warning-bg: #FFF;\n--wsx-input-warning-border-color: #FF6C6C;\n--wsx-form-label-color-warning: #343A46;\n--wsx-login-input-color: #343A46;\n--wsx-login-input-bg: #FFF;\n--wsx-login-input-border-color: #d4af3a;\n--wsx-login-input-placeholder-color: #6C6E77;\n--wsx-login-form-label-color: #343A46;\n--wsx-login-input-focus-color: #343A46;\n--wsx-login-input-focus-bg: #FFF;\n--wsx-login-input-focus-border-color: #d4af3a;\n--wsx-login-form-label-color-active: #343A46;\n--wsx-login-input-warning-color: #FF6C6C;\n--wsx-login-input-warning-bg: #FFF;\n--wsx-login-input-warning-border-color: #FF6C6C;\n--wsx-login-form-label-color-warning: #343A46;\n--wsx-form-button-color: #fff;\n--wsx-form-button-bg: #d4af3a;\n--wsx-form-button-border-color: #d4af3a;\n--wsx-form-button-hover-color: #d4af3a;\n--wsx-form-button-hover-bg: #ffffff;\n--wsx-form-button-hover-border-color: #d4af3a;\n--wsx-login-form-button-color: #fff;\n--wsx-login-form-button-bg: #d4af3a;\n--wsx-login-form-button-border-color: ;\n--wsx-login-form-button-hover-color: #d4af3a;\n--wsx-login-form-button-hover-bg: #ffffff;\n--wsx-login-form-button-hover-border-color: ;\n--wsx-form-container-bg: #FFF;\n--wsx-form-container-border-color: #E9E9F0;\n--wsx-form-reg-bg: #FFF;\n--wsx-form-reg-border-color: ;\n--wsx-login-bg: #FFF;\n--wsx-login-border-color: ;\n--wsx-form-label-font-size: 14px;\n--wsx-form-label-weight: 500;\n--wsx-form-label-case-transform: px;\n--wsx-input-font-size: 14px;\n--wsx-input-weight: 400;\n--wsx-input-case-transform: ;\n--wsx-form-button-font-size: 14px;\n--wsx-form-button-weight: 500;\n--wsx-form-button-case-transform: capitalize;\n--wsx-input-padding: 16px;\n--wsx-input-width: 395px;\n--wsx-input-border-width: 1px;\n--wsx-input-border-radius: 2px;\n--wsx-form-button-padding: 13px;\n--wsx-form-button-width: 50%;\n--wsx-form-button-border-width: 0px;\n--wsx-form-button-border-radius: 2px;\n--wsx-form-button-align: left;\n--wsx-form-container-width: 1200px;\n--wsx-form-container-border-width: 1px;\n--wsx-form-container-border-radius: 16px;\n--wsx-form-container-padding: 0px;\n--wsx-form-container-separator: 1px;\n--wsx-form-container-separator-space: 0px;\n--wsx-login-width: px;\n--wsx-login-border-width: 0px;\n--wsx-login-padding: 54px;\n--wsx-login-border-radius: 16px;\n--wsx-form-reg-width: px;\n--wsx-form-reg-border-width: 0px;\n--wsx-form-reg-padding: 54px;\n--wsx-form-reg-border-radius: 16px;\n--wsx-login-title-font-size: 24px;\n--wsx-login-title-case-transform: ;\n--wsx-login-title-font-weight: 500;\n--wsx-login-title-color: #343A46;\n--wsx-login-description-font-size: 14px;\n--wsx-login-description-case-transform: ;\n--wsx-login-description-font-weight: 400;\n--wsx-login-description-color: #343A46;\n--wsx-reg-title-font-size: 24px;\n--wsx-reg-title-case-transform: ;\n--wsx-reg-title-font-weight: 500;\n--wsx-reg-title-color: #343A46;\n--wsx-reg-description-font-size: 14px;\n--wsx-reg-description-case-transform: ;\n--wsx-reg-description-font-weight: 400;\n--wsx-reg-description-color: #343A46;\n } <\/style><div class=\"woocommerce-notices-wrapper\"><\/div>\t\t\t<div id=\"whx_wrapper1\" class=\"wholesalex-form-wrapper wsx-form-wrapper_frontend wsx_\">\n\t\t\t<div class=\"wholesalex_circular_loading__wrapper\">\n\t\t\t\t<div class=\"wholesalex_loading_spinner\">\n\t\t\t\t\t<svg viewbox=\"25 25 50 50\" class=\"move_circular\">\n\t\t\t\t\t\t<circle\n\t\t\t\t\t\t\tcx=\"50\"\n\t\t\t\t\t\t\tcy=\"50\"\n\t\t\t\t\t\t\tr=\"20\"\n\t\t\t\t\t\t\tfill=\"none\"\n\t\t\t\t\t\t\tclass=\"wholesalex_circular_loading_icon\"\n\t\t\t\t\t\t><\/circle>\n\t\t\t\t\t<\/svg>\n\t\t\t\t<\/div>\n\t\t\t<\/div>\n\t\t\t\t<form class=\"wholesalex-login-form\" enctype=\"application\/x-www-form-urlencoded\" action=\"\">\n\t\t<div class=\"wholesalex-login-form-title\"><div class=\"wsx-login-form-title-text\">Conecte-se<\/div><div class=\"wholesalex-login-form-subtitle-text\">Entre na sua conta!<\/div><\/div>\t\t<div class=\"wholesalex-fields-wrapper wsx-login-fields wsx-fields-container\">\n\t\t\t\t\t<div class=\"wsx-reg-form-row\">\n\t\t\t\t\t\t\t\t\t\t<div data-wsx-exclude=\"\" class=\"wholesalex-registration-form-column left wsx-field  wsx-field-username\" style=\"\"> \n\t\t\t\t\t\t\n\t\t\t\t\t\t\t\t\t\t\t\t<\/div>\n\t\t\t\t\t\t\t\t\t<\/div>\n\t\t\t\t\t\t<div class=\"wsx-reg-form-row\">\n\t\t\t\t\t\t\t\t\t\t<div data-wsx-exclude=\"\" class=\"wholesalex-registration-form-column left wsx-field  wsx-field-password\" style=\"\"> \n\t\t\t\t\t\t\n\t\t\t\t\t\t\t\t\t\t\t\t<\/div>\n\t\t\t\t\t\t\t\t\t<\/div>\n\t\t\t\t\t\t<div class=\"wsx-reg-form-row\">\n\t\t\t\t\t\t\t\t\t\t<div data-wsx-exclude=\"\" class=\"wholesalex-registration-form-column left wsx-field  wsx-field-rememberme\" style=\"\"> \n\t\t\t\t\t\t\n\t\t\t\t\t\t\t\t\t\t\t\t<\/div>\n\t\t\t\t\t\t\t\t\t<\/div>\n\t\t\t\t\t<\/div>\n\n\t\t<input type=\"hidden\" name=\"action\" value=\"wholesalex_process_login\" \/>\n\n\t\t<input type=\"hidden\" id=\"wholesalex-login-nonce\" name=\"wholesalex-login-nonce\" value=\"41a237268e\" \/><input type=\"hidden\" name=\"_wp_http_referer\" value=\"\/en\/wp-json\/wp\/v2\/pages\/2635\" \/><div class=\"wsx-form-btn-wrapper\"><button class=\"wsx-login-btn\">Entrar<\/button><\/div>\t\t\t<div class=\"wsx-reg-form-row\">\n\t\t\t\t<div class=\"wholesalex-registration-form-column left wsx-field woocommerce-LostPassword lost_password\"> \n\t\t\t\t\t<a class=\"wsx-link\" href=\"https:\/\/onyx.developer.africadomains.co.za\/en\/meu-perfil\/\" data-no-translation=\"\" data-trp-gettext=\"\">Lost your password?<\/a>\n\t\t\t\t<\/div>\n\t\t\t<\/div>\n\t\t\t\t<input type=\"hidden\" name=\"trp-form-language\" value=\"en\"\/><\/form>\n\t\t\t\t<\/div>\n\t\t<\/div>\n\t\t\t\t\t\t<\/div>\n\t\t\t\t<\/div>\n\t\t\t\t<div class=\"elementor-element elementor-element-f9f3109 elementor-widget elementor-widget-spacer\" data-id=\"f9f3109\" data-element_type=\"widget\" data-e-type=\"widget\" data-widget_type=\"spacer.default\">\n\t\t\t\t<div class=\"elementor-widget-container\">\n\t\t\t\t\t\t\t<div class=\"elementor-spacer\">\n\t\t\t<div class=\"elementor-spacer-inner\"><\/div>\n\t\t<\/div>\n\t\t\t\t\t\t<\/div>\n\t\t\t\t<\/div>\n\t\t\t\t<div class=\"elementor-element elementor-element-67c127e elementor-invisible elementor-widget elementor-widget-heading\" data-id=\"67c127e\" data-element_type=\"widget\" data-e-type=\"widget\" data-settings=\"{&quot;_animation&quot;:&quot;bounceIn&quot;,&quot;_animation_delay&quot;:300}\" data-widget_type=\"heading.default\">\n\t\t\t\t<div class=\"elementor-widget-container\">\n\t\t\t\t\t<h2 class=\"elementor-heading-title elementor-size-default\"><a href=\"https:\/\/onyx.developer.africadomains.co.za\/en\/registo-de-dealer\/\">N\u00e3o \u00e9 um Revendedor oficial da Onyx Mozambique?, Clique para Cadastrar-se...!<\/a><\/h2>\t\t\t\t<\/div>\n\t\t\t\t<\/div>\n\t\t\t\t\t<\/div>\n\t\t\t\t<\/div>\n\t\t<div class=\"elementor-element elementor-element-2fd6ebe e-flex e-con-boxed wpr-particle-no wpr-jarallax-no wpr-parallax-no wpr-sticky-section-no wpr-column-slider-no wpr-equal-height-no e-con e-parent\" data-id=\"2fd6ebe\" data-element_type=\"container\" data-e-type=\"container\">\n\t\t\t\t\t<div class=\"e-con-inner\">\n\t\t<div class=\"elementor-element elementor-element-14340cb e-con-full e-flex wpr-particle-no wpr-jarallax-no wpr-parallax-no wpr-sticky-section-no wpr-column-slider-no wpr-equal-height-no e-con e-child\" data-id=\"14340cb\" data-element_type=\"container\" data-e-type=\"container\">\n\t\t\t\t<div class=\"elementor-element elementor-element-deab6dc elementor-widget elementor-widget-heading\" data-id=\"deab6dc\" data-element_type=\"widget\" data-e-type=\"widget\" data-widget_type=\"heading.default\">\n\t\t\t\t<div class=\"elementor-widget-container\">\n\t\t\t\t\t<h2 class=\"elementor-heading-title elementor-size-default\">Subscrever-se<\/h2>\t\t\t\t<\/div>\n\t\t\t\t<\/div>\n\t\t\t\t<div class=\"elementor-element elementor-element-f7f34a7 elementor-widget elementor-widget-text-editor\" data-id=\"f7f34a7\" data-element_type=\"widget\" data-e-type=\"widget\" data-widget_type=\"text-editor.default\">\n\t\t\t\t<div class=\"elementor-widget-container\">\n\t\t\t\t\t\t\t\t\t<p class=\"\" data-start=\"223\" data-end=\"564\">*Ao assinar nossa Newsletter, voc\u00ea receber\u00e1 atualiza\u00e7\u00f5es semanais com nossos \u00faltimos lan\u00e7amentos de produtos e ofertas especiais.<\/p>\t\t\t\t\t\t\t\t<\/div>\n\t\t\t\t<\/div>\n\t\t\t\t<div class=\"elementor-element elementor-element-a451cb1 elementor-widget elementor-widget-shortcode\" data-id=\"a451cb1\" data-element_type=\"widget\" data-e-type=\"widget\" data-widget_type=\"shortcode.default\">\n\t\t\t\t<div class=\"elementor-widget-container\">\n\t\t\t\t\t\t\t<div class=\"elementor-shortcode\">  \n  \n  <div class=\"mailpoet_form_popup_overlay\"><\/div>\n  <div\n    id=\"mailpoet_form_2\"\n    class=\"mailpoet_form      mailpoet_form_shortcode      mailpoet_form_position_      mailpoet_form_animation_\"\n      >\n\n    <style type=\"text\/css\">\n     #mailpoet_form_2 .mailpoet_form {  }\n#mailpoet_form_2 form { margin-bottom: 0; }\n#mailpoet_form_2 p.mailpoet_form_paragraph.last { margin-bottom: 5px; }\n#mailpoet_form_2 h2.mailpoet-heading { margin-bottom: 20px; margin-top: 0; }\n#mailpoet_form_2 .mailpoet_column_with_background { padding: 10px; }\n#mailpoet_form_2 .mailpoet_form_column:not(:first-child) { margin-left: 20px; }\n#mailpoet_form_2 .mailpoet_paragraph { line-height: 20px; margin-bottom: 20px; }\n#mailpoet_form_2 .mailpoet_segment_label, #mailpoet_form_2 .mailpoet_text_label, #mailpoet_form_2 .mailpoet_textarea_label, #mailpoet_form_2 .mailpoet_select_label, #mailpoet_form_2 .mailpoet_radio_label, #mailpoet_form_2 .mailpoet_checkbox_label, #mailpoet_form_2 .mailpoet_list_label, #mailpoet_form_2 .mailpoet_date_label { display: block; font-weight: normal; }\n#mailpoet_form_2 .mailpoet_text, #mailpoet_form_2 .mailpoet_textarea, #mailpoet_form_2 .mailpoet_select, #mailpoet_form_2 .mailpoet_date_month, #mailpoet_form_2 .mailpoet_date_day, #mailpoet_form_2 .mailpoet_date_year, #mailpoet_form_2 .mailpoet_date { display: block; }\n#mailpoet_form_2 .mailpoet_text, #mailpoet_form_2 .mailpoet_textarea { width: 200px; }\n#mailpoet_form_2 .mailpoet_checkbox {  }\n#mailpoet_form_2 .mailpoet_submit {  }\n#mailpoet_form_2 .mailpoet_divider {  }\n#mailpoet_form_2 .mailpoet_message {  }\n#mailpoet_form_2 .mailpoet_form_loading { width: 30px; text-align: center; line-height: normal; }\n#mailpoet_form_2 .mailpoet_form_loading > span { width: 5px; height: 5px; background-color: #5b5b5b; }#mailpoet_form_2{border-radius: 10px;background: url(https:\/\/onyx.developer.africadomains.co.za\/wp-content\/uploads\/2025\/04\/1745835657907-1.jpg) center \/ cover no-repeat;color: #fcb900;text-align: left;}#mailpoet_form_2 form.mailpoet_form {padding: 35px;}#mailpoet_form_2{width: 100%;}#mailpoet_form_2 .mailpoet_message {margin: 0; padding: 0 20px;}\n        #mailpoet_form_2 .mailpoet_validate_success {color: #00d084}\n        #mailpoet_form_2 input.parsley-success {color: #00d084}\n        #mailpoet_form_2 select.parsley-success {color: #00d084}\n        #mailpoet_form_2 textarea.parsley-success {color: #00d084}\n      \n        #mailpoet_form_2 .mailpoet_validate_error {color: #cf2e2e}\n        #mailpoet_form_2 input.parsley-error {color: #cf2e2e}\n        #mailpoet_form_2 select.parsley-error {color: #cf2e2e}\n        #mailpoet_form_2 textarea.textarea.parsley-error {color: #cf2e2e}\n        #mailpoet_form_2 .parsley-errors-list {color: #cf2e2e}\n        #mailpoet_form_2 .parsley-required {color: #cf2e2e}\n        #mailpoet_form_2 .parsley-custom-error-message {color: #cf2e2e}\n      #mailpoet_form_2 .mailpoet_paragraph.last {margin-bottom: 0} @media (max-width: 500px) {#mailpoet_form_2 {background-image: none;}} @media (min-width: 500px) {#mailpoet_form_2 .last .mailpoet_paragraph:last-child {margin-bottom: 0}}  @media (max-width: 500px) {#mailpoet_form_2 .mailpoet_form_column:last-child .mailpoet_paragraph:last-child {margin-bottom: 0}} \n    <\/style>\n\n    <form\n      target=\"_self\"\n      method=\"post\"\n      action=\"https:\/\/onyx.developer.africadomains.co.za\/wp-admin\/admin-post.php?action=mailpoet_subscription_form\"\n      class=\"mailpoet_form mailpoet_form_form mailpoet_form_shortcode\"\n      novalidate\n data-delay=\"\"\n      data-exit-intent-enabled=\"\"\n      data-font-family=\"\"\n      data-cookie-expiration-time=\"\"\n    >\n      <input type=\"hidden\" name=\"data[form_id]\" value=\"2\" \/>\n      <input type=\"hidden\" name=\"token\" value=\"c6cdc06942\" \/>\n      <input type=\"hidden\" name=\"api_version\" value=\"v1\" \/>\n      <input type=\"hidden\" name=\"endpoint\" value=\"subscribers\" \/>\n      <input type=\"hidden\" name=\"mailpoet_method\" value=\"subscribe\" \/>\n\n      <label class=\"mailpoet_hp_email_label\" style=\"display: none !important;\">Please leave this field empty<input type=\"email\" name=\"data[email]\"\/><\/label><h2 class=\"mailpoet-heading  mailpoet-has-font-size\" style=\"text-align: center; color: #fcb900; font-size: 20px; line-height: 1.5\"><span style=\"font-family: Montserrat\" data-font=\"Montserrat\" class=\"mailpoet-has-font\"><strong>GET DISCOUNT INFORMATION<\/strong><\/span>S!<\/h2>\n<div class='mailpoet_form_columns_container'><div class=\"mailpoet_form_columns mailpoet_paragraph mailpoet_stack_on_mobile\"><div class=\"mailpoet_form_column\" style=\"flex-basis:10%;\"><\/div>\n<div class=\"mailpoet_form_column\" style=\"flex-basis:40%;\"><div class=\"mailpoet_paragraph\"><style>input[name=\"data[form_field_ZDRlZWU1MDFiYTc3X2VtYWls]\"]::placeholder{color:#38527a;opacity: 1;}<\/style><input type=\"email\" autocomplete=\"email\" class=\"mailpoet_text\" id=\"form_email_2\" name=\"data[form_field_ZDRlZWU1MDFiYTc3X2VtYWls]\" title=\"Endere\u00e7o de email\" value=\"\" style=\"width:100%;box-sizing:border-box;background-color:#f8fbff;border-style:solid;border-radius:10px !important;border-width:0px;padding:12px;margin: 0 auto 0 0;font-family:&#039;Poppins&#039;;font-size:16px;line-height:1.5;height:auto;color:#38527a;\" data-automation-id=\"form_email\"  placeholder=\"Email address\" aria-label=\"Email address\" data-parsley-errors-container=\".mailpoet_error_1f487\" data-parsley-required=\"true\" required aria-required=\"true\" data-parsley-minlength=\"6\" data-parsley-maxlength=\"150\" data-parsley-type-message=\"This value should be a valid email.\" data-parsley-required-message=\"This field is required.\"\/><span class=\"mailpoet_error_1f487\"><\/span><\/div>\n<\/div>\n<div class=\"mailpoet_form_column\" style=\"flex-basis:40%;\"><div class=\"mailpoet_paragraph\"><input type=\"submit\" class=\"mailpoet_submit\" value=\"To start!\" data-automation-id=\"subscribe-submit-button\" data-font-family='Montserrat' style=\"width:100%;box-sizing:border-box;background-color:#fcb900;border-style:solid;border-radius:10px !important;border-width:0px;padding:12px;margin: 0 auto 0 0;font-family:&#039;Montserrat&#039;;font-size:16px;line-height:1.5;height:auto;color:#ffffff;border-color:transparent;font-weight:bold;\" \/><span class=\"mailpoet_form_loading\"><span class=\"mailpoet_bounce1\"><\/span><span class=\"mailpoet_bounce2\"><\/span><span class=\"mailpoet_bounce3\"><\/span><\/span><\/div>\n<\/div>\n<div class=\"mailpoet_form_column\" style=\"flex-basis:10%;\"><\/div>\n<\/div><\/div>\n<p class=\"mailpoet_form_paragraph  mailpoet-has-font-size\" style=\"text-align: center; color: #000000; font-size: 14px; line-height: 1.5\"><strong><span style=\"font-family: Montserrat\" data-font=\"Montserrat\" class=\"mailpoet-has-font\">We promise to never send spam! Check out our <a target=\"_blank\" href=\"https:\/\/onyx.developer.africadomains.co.za\/en\/politica-de-privacidade\/\">Privacy Policy<\/a> for more information.<\/span><\/strong><\/p>\n\n      <div class=\"mailpoet_message\">\n        <p class=\"mailpoet_validate_success\"\n                style=\"display:none;\"\n                >Verifique na sua caixa de correio ou na pasta de spam para confirmar a sua subscri\u00e7\u00e3o.\n        <\/p>\n        <p class=\"mailpoet_validate_error\"\n                style=\"display:none;\"\n                >        <\/p>\n      <\/div>\n    <\/form>\n\n      <\/div>\n\n  <\/div>\n\t\t\t\t\t\t<\/div>\n\t\t\t\t<\/div>\n\t\t\t\t<\/div>\n\t\t\t\t<div class=\"elementor-element elementor-element-9e0d019 elementor-widget elementor-widget-spacer\" data-id=\"9e0d019\" data-element_type=\"widget\" data-e-type=\"widget\" data-widget_type=\"spacer.default\">\n\t\t\t\t<div class=\"elementor-widget-container\">\n\t\t\t\t\t\t\t<div class=\"elementor-spacer\">\n\t\t\t<div class=\"elementor-spacer-inner\"><\/div>\n\t\t<\/div>\n\t\t\t\t\t\t<\/div>\n\t\t\t\t<\/div>\n\t\t\t\t\t<\/div>\n\t\t\t\t<\/div>\n\t\t\t\t<\/div>","protected":false},"excerpt":{"rendered":"<p>Conectar a sua conta Revendedor A Onyx Mozambique convida empresas e comerciantes interessados a se tornarem revendedores oficiais dos nossos produtos. Ao se registrar, voc\u00ea ter\u00e1 acesso a condi\u00e7\u00f5es comerciais exclusivas, descontos especiais para revendedores, suporte personalizado e a confian\u00e7a de trabalhar com uma empresa comprometida com qualidade e crescimento conjunto. N\u00e3o \u00e9 um Revendedor oficial da Onyx Mozambique?, Clique para Cadastrar-se&#8230;! Subscrever-se *Ao assinar nossa Newsletter, voc\u00ea receber\u00e1 atualiza\u00e7\u00f5es semanais com nossos \u00faltimos lan\u00e7amentos de produtos e ofertas especiais.<\/p>","protected":false},"author":1,"featured_media":0,"parent":0,"menu_order":0,"comment_status":"closed","ping_status":"closed","template":"","meta":{"om_disable_all_campaigns":false,"footnotes":""},"class_list":["post-2635","page","type-page","status-publish","hentry","_wholesalex wsx-wholesalex-product"],"jetpack_sharing_enabled":true,"_links":{"self":[{"href":"https:\/\/onyx.developer.africadomains.co.za\/en\/wp-json\/wp\/v2\/pages\/2635","targetHints":{"allow":["GET"]}}],"collection":[{"href":"https:\/\/onyx.developer.africadomains.co.za\/en\/wp-json\/wp\/v2\/pages"}],"about":[{"href":"https:\/\/onyx.developer.africadomains.co.za\/en\/wp-json\/wp\/v2\/types\/page"}],"author":[{"embeddable":true,"href":"https:\/\/onyx.developer.africadomains.co.za\/en\/wp-json\/wp\/v2\/users\/1"}],"replies":[{"embeddable":true,"href":"https:\/\/onyx.developer.africadomains.co.za\/en\/wp-json\/wp\/v2\/comments?post=2635"}],"version-history":[{"count":32,"href":"https:\/\/onyx.developer.africadomains.co.za\/en\/wp-json\/wp\/v2\/pages\/2635\/revisions"}],"predecessor-version":[{"id":3051,"href":"https:\/\/onyx.developer.africadomains.co.za\/en\/wp-json\/wp\/v2\/pages\/2635\/revisions\/3051"}],"wp:attachment":[{"href":"https:\/\/onyx.developer.africadomains.co.za\/en\/wp-json\/wp\/v2\/media?parent=2635"}],"curies":[{"name":"wp","href":"https:\/\/api.w.org\/{rel}","templated":true}]}}