{"id":3087,"date":"2025-05-02T11:24:50","date_gmt":"2025-05-02T11:24:50","guid":{"rendered":"https:\/\/onyx.developer.africadomains.co.za\/?post_type=product&#038;p=3087"},"modified":"2025-05-14T12:21:03","modified_gmt":"2025-05-14T12:21:03","slug":"tonico-facial-purificante-the-onyx","status":"publish","type":"product","link":"https:\/\/onyx.developer.africadomains.co.za\/pt_pt\/produto\/tonico-facial-purificante-the-onyx\/","title":{"rendered":"T\u00f4nico Facial Purificante &#8211; The Onyx"},"content":{"rendered":"<p>Com uma f\u00f3rmula leve e sem \u00e1lcool, o T\u00f4nico Balanceador Onyx hidrata e suaviza a pele. Ideal para ser usado ap\u00f3s a limpeza e antes do s\u00e9rum ou hidratante. Pode ser aplicado pela manh\u00e3 e \u00e0 noite.<\/p>\n","protected":false},"excerpt":{"rendered":"<p>T\u00f4nico com \u00e1cido hialur\u00f4nico e extratos bot\u00e2nicos que equilibra o pH da pele, hidrata e prepara para os pr\u00f3ximos passos da rotina.<\/p>\n","protected":false},"featured_media":3084,"comment_status":"open","ping_status":"closed","template":"","meta":{"om_disable_all_campaigns":false},"product_brand":[57],"product_cat":[56],"product_tag":[66,58,61],"class_list":{"0":"post-3087","1":"product","2":"type-product","3":"status-publish","4":"has-post-thumbnail","6":"product_brand-onyx-collections","7":"product_cat-tonicos","8":"product_tag-beleza-consciente","9":"product_tag-facial-hidratante","10":"product_tag-hidratacao-profunda","11":"_wholesalex wsx-wholesalex-product","13":"first","14":"instock","15":"taxable","16":"shipping-taxable","17":"purchasable","18":"product-type-simple"},"jetpack_sharing_enabled":true,"_links":{"self":[{"href":"https:\/\/onyx.developer.africadomains.co.za\/pt_pt\/wp-json\/wp\/v2\/product\/3087","targetHints":{"allow":["GET"]}}],"collection":[{"href":"https:\/\/onyx.developer.africadomains.co.za\/pt_pt\/wp-json\/wp\/v2\/product"}],"about":[{"href":"https:\/\/onyx.developer.africadomains.co.za\/pt_pt\/wp-json\/wp\/v2\/types\/product"}],"replies":[{"embeddable":true,"href":"https:\/\/onyx.developer.africadomains.co.za\/pt_pt\/wp-json\/wp\/v2\/comments?post=3087"}],"wp:featuredmedia":[{"embeddable":true,"href":"https:\/\/onyx.developer.africadomains.co.za\/pt_pt\/wp-json\/wp\/v2\/media\/3084"}],"wp:attachment":[{"href":"https:\/\/onyx.developer.africadomains.co.za\/pt_pt\/wp-json\/wp\/v2\/media?parent=3087"}],"wp:term":[{"taxonomy":"product_brand","embeddable":true,"href":"https:\/\/onyx.developer.africadomains.co.za\/pt_pt\/wp-json\/wp\/v2\/product_brand?post=3087"},{"taxonomy":"product_cat","embeddable":true,"href":"https:\/\/onyx.developer.africadomains.co.za\/pt_pt\/wp-json\/wp\/v2\/product_cat?post=3087"},{"taxonomy":"product_tag","embeddable":true,"href":"https:\/\/onyx.developer.africadomains.co.za\/pt_pt\/wp-json\/wp\/v2\/product_tag?post=3087"}],"curies":[{"name":"wp","href":"https:\/\/api.w.org\/{rel}","templated":true}]}}