{"id":3095,"date":"2025-05-02T11:55:56","date_gmt":"2025-05-02T11:55:56","guid":{"rendered":"https:\/\/onyx.developer.africadomains.co.za\/?post_type=product&#038;p=3095"},"modified":"2025-05-14T12:19:16","modified_gmt":"2025-05-14T12:19:16","slug":"gel-de-limpeza-esfoliante-facial-the-onyx-exfoliating-gel-cleanser","status":"publish","type":"product","link":"https:\/\/onyx.developer.africadomains.co.za\/pt_pt\/produto\/gel-de-limpeza-esfoliante-facial-the-onyx-exfoliating-gel-cleanser\/","title":{"rendered":"Gel de Limpeza Esfoliante Facial \u2013 The Onyx Exfoliating Gel Cleanser"},"content":{"rendered":"<p>Desenvolvido para peles que exigem cuidado di\u00e1rio e delicado, o Gel Esfoliante Facial da Onyx Collections remove impurezas acumuladas e promove a renova\u00e7\u00e3o celular suave. Ideal para todos os tipos de pele, seu uso regular reduz a oleosidade sem ressecar.<\/p>\n","protected":false},"excerpt":{"rendered":"<p>Gel de limpeza profunda com micropart\u00edculas esfoliantes que removem c\u00e9lulas mortas e impurezas, proporcionando uma pele mais limpa, suave e revitalizada.<\/p>\n","protected":false},"featured_media":3096,"comment_status":"open","ping_status":"closed","template":"","meta":{"om_disable_all_campaigns":false},"product_brand":[57],"product_cat":[68],"product_tag":[59,64,63],"class_list":{"0":"post-3095","1":"product","2":"type-product","3":"status-publish","4":"has-post-thumbnail","6":"product_brand-onyx-collections","7":"product_cat-limpeza-facial","8":"product_tag-cuidados-com-a-pele","9":"product_tag-esfoliacao-natural","10":"product_tag-renovacao-celular","11":"_wholesalex wsx-wholesalex-product","13":"first","14":"instock","15":"taxable","16":"shipping-taxable","17":"purchasable","18":"product-type-simple"},"jetpack_sharing_enabled":true,"_links":{"self":[{"href":"https:\/\/onyx.developer.africadomains.co.za\/pt_pt\/wp-json\/wp\/v2\/product\/3095","targetHints":{"allow":["GET"]}}],"collection":[{"href":"https:\/\/onyx.developer.africadomains.co.za\/pt_pt\/wp-json\/wp\/v2\/product"}],"about":[{"href":"https:\/\/onyx.developer.africadomains.co.za\/pt_pt\/wp-json\/wp\/v2\/types\/product"}],"replies":[{"embeddable":true,"href":"https:\/\/onyx.developer.africadomains.co.za\/pt_pt\/wp-json\/wp\/v2\/comments?post=3095"}],"wp:featuredmedia":[{"embeddable":true,"href":"https:\/\/onyx.developer.africadomains.co.za\/pt_pt\/wp-json\/wp\/v2\/media\/3096"}],"wp:attachment":[{"href":"https:\/\/onyx.developer.africadomains.co.za\/pt_pt\/wp-json\/wp\/v2\/media?parent=3095"}],"wp:term":[{"taxonomy":"product_brand","embeddable":true,"href":"https:\/\/onyx.developer.africadomains.co.za\/pt_pt\/wp-json\/wp\/v2\/product_brand?post=3095"},{"taxonomy":"product_cat","embeddable":true,"href":"https:\/\/onyx.developer.africadomains.co.za\/pt_pt\/wp-json\/wp\/v2\/product_cat?post=3095"},{"taxonomy":"product_tag","embeddable":true,"href":"https:\/\/onyx.developer.africadomains.co.za\/pt_pt\/wp-json\/wp\/v2\/product_tag?post=3095"}],"curies":[{"name":"wp","href":"https:\/\/api.w.org\/{rel}","templated":true}]}}